{"id":765,"date":"2023-05-15T15:19:52","date_gmt":"2023-05-15T13:19:52","guid":{"rendered":"https:\/\/oxyma.cz\/gdpr\/"},"modified":"2023-06-30T09:35:26","modified_gmt":"2023-06-30T07:35:26","slug":"gdpr","status":"publish","type":"page","link":"https:\/\/oxyma.cz\/en\/gdpr\/","title":{"rendered":"GDPR"},"content":{"rendered":"<p>[et_pb_section fb_built=&#8221;1&#8243; _builder_version=&#8221;4.19.4&#8243; _module_preset=&#8221;default&#8221; global_colors_info=&#8221;{}&#8221;][et_pb_row _builder_version=&#8221;4.19.4&#8243; _module_preset=&#8221;default&#8221; global_colors_info=&#8221;{}&#8221;][et_pb_column type=&#8221;4_4&#8243; _builder_version=&#8221;4.19.4&#8243; _module_preset=&#8221;default&#8221; global_colors_info=&#8221;{}&#8221;][et_pb_text _builder_version=&#8221;4.19.4&#8243; _module_preset=&#8221;default&#8221; header_font=&#8221;Prompt|700|||||||&#8221; header_text_color=&#8221;#000A27&#8243; header_font_size=&#8221;32px&#8221; hover_enabled=&#8221;0&#8243; global_colors_info=&#8221;{}&#8221; sticky_enabled=&#8221;0&#8243;]<\/p>\n<h1 style=\"text-align: center\">Ochrana osobn\u00edch \u00fadaj\u016f<\/h1>\n<p>[\/et_pb_text][et_pb_text _builder_version=&#8221;4.19.4&#8243; _module_preset=&#8221;default&#8221; text_font=&#8221;Prompt|300|||||||&#8221; text_font_size=&#8221;16px&#8221; header_font=&#8221;Prompt|700|||||||&#8221; header_2_font=&#8221;Prompt||||||||&#8221; header_2_font_size=&#8221;20px&#8221; hover_enabled=&#8221;0&#8243; global_colors_info=&#8221;{}&#8221; header_2_text_color=&#8221;#000A27&#8243; text_text_color=&#8221;#000A27&#8243; sticky_enabled=&#8221;0&#8243;]<\/p>\n<h2><strong>Kdo \u00fadaje sb\u00edr\u00e1?<\/strong><\/h2>\n<p><span>TTC HOLDING, a.s., I\u010c 278&nbsp;87&nbsp;464, se&nbsp;s\u00eddlem Praha 10 \u2013 Stra\u0161nice, T\u0159ebohostick\u00e1 987\/5, PS\u010c 100&nbsp;00, zapsan\u00e1 v&nbsp;obchodn\u00edm rejst\u0159\u00edku veden\u00e9m u&nbsp;M\u011bstsk\u00e9ho soudu v&nbsp;Praze, odd\u00edl B, vlo\u017eka 11785 Kontaktn\u00ed e-mail: <\/span><a href=\"mailto:gdpr@ttc.cz\">gdpr@ttc.cz<\/a><\/p>\n<p>[\/et_pb_text][et_pb_text _builder_version=&#8221;4.19.4&#8243; _module_preset=&#8221;default&#8221; text_font=&#8221;Prompt|300|||||||&#8221; text_font_size=&#8221;16px&#8221; header_font=&#8221;Prompt|700|||||||&#8221; header_2_font=&#8221;Prompt||||||||&#8221; header_2_font_size=&#8221;20px&#8221; hover_enabled=&#8221;0&#8243; global_colors_info=&#8221;{}&#8221; text_text_color=&#8221;#000A27&#8243; header_text_color=&#8221;#000A27&#8243; header_2_text_color=&#8221;#000A27&#8243; sticky_enabled=&#8221;0&#8243;]<\/p>\n<h2><strong>Jak\u00e9 \u00fadaje sb\u00edr\u00e1me?<\/strong><\/h2>\n<p><span>Sb\u00edr\u00e1me va\u0161e jm\u00e9no a&nbsp;p\u0159\u00edjmen\u00ed a&nbsp;e-mailovou adresu. V&nbsp;p\u0159\u00edpad\u011b uzav\u0159en\u00ed smlouvy sb\u00edr\u00e1me d\u00e1le n\u00e1zev firmy, I\u010cO, DI\u010c a&nbsp;faktura\u010dn\u00ed adresu.<\/span><\/p>\n<p>[\/et_pb_text][et_pb_text _builder_version=&#8221;4.19.4&#8243; _module_preset=&#8221;default&#8221; text_font=&#8221;Prompt|300|||||||&#8221; text_font_size=&#8221;16px&#8221; header_font=&#8221;Prompt|700|||||||&#8221; header_2_font=&#8221;Prompt||||||||&#8221; header_2_font_size=&#8221;20px&#8221; global_colors_info=&#8221;{}&#8221; text_text_color=&#8221;#000A27&#8243; header_text_color=&#8221;#000A27&#8243; header_2_text_color=&#8221;#000A27&#8243;]<\/p>\n<h2><strong>Pro\u010d \u00fadaje sb\u00edr\u00e1me?<\/strong><\/h2>\n<p><span>\u00dadaje sb\u00edr\u00e1me, abychom mohli zodpov\u011bd\u011bt va\u0161e dotazy. Je-li p\u0159edm\u011btem dotazu popt\u00e1vka zbo\u017e\u00ed \u010di&nbsp;slu\u017eeb, jsou \u00fadaje sb\u00edr\u00e1ny a&nbsp;uchov\u00e1v\u00e1ny d\u00e1le proto, abychom v\u00e1m mohli zaslat vy\u017e\u00e1danou nab\u00eddku a&nbsp;n\u00e1sledn\u011b uzav\u0159\u00edt a&nbsp;plnit smlouvu stejn\u011b jako z\u00e1konn\u00e9 povinnosti s&nbsp;t\u00edm souvisej\u00edc\u00ed.<\/span><\/p>\n<p>[\/et_pb_text][et_pb_text _builder_version=&#8221;4.19.4&#8243; _module_preset=&#8221;default&#8221; text_font=&#8221;Prompt|300|||||||&#8221; text_font_size=&#8221;16px&#8221; header_font=&#8221;Prompt|700|||||||&#8221; header_2_font=&#8221;Prompt||||||||&#8221; header_2_font_size=&#8221;20px&#8221; global_colors_info=&#8221;{}&#8221; text_text_color=&#8221;#000A27&#8243; header_text_color=&#8221;#000A27&#8243; header_2_text_color=&#8221;#000A27&#8243;]<\/p>\n<h2><strong>Jak dlouho m\u00e1me \u00fadaje ulo\u017een\u00e9?<\/strong><\/h2>\n<p><span>Po odesl\u00e1n\u00ed odpov\u011bdi na v\u00e1\u0161 dotaz jsou \u00fadaje vymaz\u00e1ny, nen\u00ed-li pot\u0159eba jejich uchov\u00e1n\u00ed pro budouc\u00ed pln\u011bn\u00ed smlouvy.<\/span><\/p>\n<p>[\/et_pb_text][et_pb_text _builder_version=&#8221;4.19.4&#8243; _module_preset=&#8221;default&#8221; text_font=&#8221;Prompt|300|||||||&#8221; text_font_size=&#8221;16px&#8221; header_font=&#8221;Prompt|700|||||||&#8221; header_2_font=&#8221;Prompt||||||||&#8221; header_2_font_size=&#8221;20px&#8221; global_colors_info=&#8221;{}&#8221; text_text_color=&#8221;#000A27&#8243; header_text_color=&#8221;#000A27&#8243; header_2_text_color=&#8221;#000A27&#8243;]<\/p>\n<h2><strong>Va\u0161e pr\u00e1va?<\/strong><\/h2>\n<p>M\u00e1te pr\u00e1vo dot\u00e1zat se, jak\u00e9 \u00fadaje zpracov\u00e1v\u00e1me, za jak\u00fdm \u00fa\u010delem, v&nbsp;jak\u00e9m rozsahu, jak dlouho a&nbsp;kdo k&nbsp;nim m\u00e1 p\u0159\u00edstup. M\u016f\u017eete po\u017e\u00e1dat o&nbsp;opravu nebo v\u00fdmaz t\u011bchto \u00fadaj\u016f. M\u016f\u017eete po\u017e\u00e1dat o&nbsp;ukon\u010den\u00ed zas\u00edl\u00e1n\u00ed e-mailov\u00fdch zpr\u00e1v.<\/p>\n<p>[\/et_pb_text][et_pb_text _builder_version=&#8221;4.19.4&#8243; _module_preset=&#8221;default&#8221; text_font=&#8221;Prompt|300|||||||&#8221; text_font_size=&#8221;16px&#8221; header_font=&#8221;Prompt|700|||||||&#8221; header_2_font=&#8221;Prompt||||||||&#8221; header_2_font_size=&#8221;20px&#8221; global_colors_info=&#8221;{}&#8221; text_text_color=&#8221;#000A27&#8243; header_text_color=&#8221;#000A27&#8243; header_2_text_color=&#8221;#000A27&#8243;]<\/p>\n<h2><strong>Na koho se&nbsp;m\u016f\u017eete obr\u00e1tit?<\/strong><\/h2>\n<p><span>V p\u0159\u00edpad\u011b, \u017ee m\u00e1te dojem, \u017ee va\u0161e \u00fadaje zpracov\u00e1v\u00e1me v&nbsp;rozporu s&nbsp;p\u0159\u00edslu\u0161n\u00fdmi pr\u00e1vn\u00edmi p\u0159edpisy, obra\u0165te se&nbsp;pros\u00edm na <\/span><a href=\"mailto:gdpr@ttc.cz\">gdpr@ttc.cz<\/a><span>. Pokud nebudete s&nbsp;\u0159e\u0161en\u00edm va\u0161\u00ed st\u00ed\u017enosti spokojeni, m\u016f\u017eete podat st\u00ed\u017enost na \u00da\u0159ad pro ochranu osobn\u00edch \u00fadaj\u016f.<\/span><\/p>\n<p>[\/et_pb_text][\/et_pb_column][\/et_pb_row][\/et_pb_section]<\/p>\n","protected":false},"excerpt":{"rendered":"<p>Ochrana osobn\u00edch \u00fadaj\u016fKdo \u00fadaje sb\u00edr\u00e1? TTC HOLDING, a.s., I\u010c 278&nbsp;87&nbsp;464, se&nbsp;s\u00eddlem Praha 10 \u2013 Stra\u0161nice, T\u0159ebohostick\u00e1 987\/5, PS\u010c 100&nbsp;00, zapsan\u00e1 v&nbsp;obchodn\u00edm rejst\u0159\u00edku veden\u00e9m u&nbsp;M\u011bstsk\u00e9ho soudu v&nbsp;Praze, odd\u00edl B, vlo\u017eka 11785 Kontaktn\u00ed e-mail: gdpr@ttc.czJak\u00e9 \u00fadaje sb\u00edr\u00e1me? Sb\u00edr\u00e1me va\u0161e jm\u00e9no a&nbsp;p\u0159\u00edjmen\u00ed a&nbsp;e-mailovou adresu. V&nbsp;p\u0159\u00edpad\u011b uzav\u0159en\u00ed smlouvy sb\u00edr\u00e1me [&hellip;]<\/p>\n","protected":false},"author":30,"featured_media":0,"parent":0,"menu_order":0,"comment_status":"closed","ping_status":"closed","template":"","meta":{"_acf_changed":false,"_et_pb_use_builder":"on","_et_pb_old_content":"","_et_gb_content_width":"","_monsterinsights_skip_tracking":false,"_monsterinsights_sitenote_active":false,"_monsterinsights_sitenote_note":"","_monsterinsights_sitenote_category":0,"footnotes":""},"class_list":["post-765","page","type-page","status-publish","hentry"],"acf":[],"_links":{"self":[{"href":"https:\/\/oxyma.cz\/en\/wp-json\/wp\/v2\/pages\/765","targetHints":{"allow":["GET"]}}],"collection":[{"href":"https:\/\/oxyma.cz\/en\/wp-json\/wp\/v2\/pages"}],"about":[{"href":"https:\/\/oxyma.cz\/en\/wp-json\/wp\/v2\/types\/page"}],"author":[{"embeddable":true,"href":"https:\/\/oxyma.cz\/en\/wp-json\/wp\/v2\/users\/30"}],"replies":[{"embeddable":true,"href":"https:\/\/oxyma.cz\/en\/wp-json\/wp\/v2\/comments?post=765"}],"version-history":[{"count":5,"href":"https:\/\/oxyma.cz\/en\/wp-json\/wp\/v2\/pages\/765\/revisions"}],"predecessor-version":[{"id":770,"href":"https:\/\/oxyma.cz\/en\/wp-json\/wp\/v2\/pages\/765\/revisions\/770"}],"wp:attachment":[{"href":"https:\/\/oxyma.cz\/en\/wp-json\/wp\/v2\/media?parent=765"}],"curies":[{"name":"wp","href":"https:\/\/api.w.org\/{rel}","templated":true}]}}